{"id":1449,"date":"2024-10-17T18:44:55","date_gmt":"2024-10-17T18:44:55","guid":{"rendered":"https:\/\/redcoral.la\/?page_id=1449"},"modified":"2024-10-19T13:08:28","modified_gmt":"2024-10-19T13:08:28","slug":"arboles","status":"publish","type":"page","link":"https:\/\/redcoral.la\/pt\/arboles\/","title":{"rendered":"\u00c1rboles!"},"content":{"rendered":"<p><a href=\"https:\/\/redcoral.la\/pt\/coleccion-arboles\/\" target=\"_blank\" rel=\"noreferrer noopener\">Recolecci\u00f3n de \u00e1rboles<\/a> de nuestro territorio como forma de aprendizaje de herramientas de <strong><a href=\"https:\/\/tainacan.org\/es\/\" target=\"_blank\" rel=\"noreferrer noopener\">Tainacan<\/a><\/strong>.<br>En caso de textos m\u00e1s extensos, se recomienda guardar la informaci\u00f3n en un bloc de notas. Es posible completarlo desde su tel\u00e9fono, pero el formulario fue dise\u00f1ado para una computadora.<br><\/p>\n\n\n\n<div style=\"font-size:16px;--tainacan-base-font-size:16px;--tainacan-background-color:rgba(255,255,255,0);--tainacan-input-color:#1d1d1d;--tainacan-input-background-color:#ffffff;--tainacan-input-border-color:#dbdbdb;--tainacan-label-color:#373839;--tainacan-info-color:#505253;--tainacan-primary:#d9eced;--tainacan-secondary:#187181\" class=\"wp-block-tainacan-item-submission-form\"><div id=\"tainacan-item-submission-form\" data-module=\"item-submission-form\" data-collection-id=\"1198\" data-hide-file-modal-button=\"false\" data-hide-text-modal-button=\"true\" data-hide-link-modal-button=\"true\" data-hide-thumbnail-section=\"true\" data-hide-attachments-section=\"false\" data-show-allow-comments-section=\"false\" data-hide-help-buttons=\"false\" data-hide-metadata-types=\"false\" data-hide-collapses=\"false\" data-enabled-metadata=\"{&quot;1226&quot;:true,&quot;1228&quot;:true,&quot;1299&quot;:true,&quot;1314&quot;:true,&quot;1323&quot;:true,&quot;1328&quot;:true,&quot;1333&quot;:true,&quot;1338&quot;:true,&quot;1343&quot;:true,&quot;1348&quot;:true,&quot;1351&quot;:true,&quot;1354&quot;:true,&quot;1357&quot;:true,&quot;1362&quot;:true,&quot;1366&quot;:true,&quot;1397&quot;:true,&quot;1402&quot;:true,&quot;1407&quot;:true,&quot;1410&quot;:true,&quot;1440&quot;:true,&quot;1489&quot;:true,&quot;1620&quot;:true,&quot;1627&quot;:true}\" data-sent-form-heading=\"\ud83c\udf33\ud83c\udf34\ud83c\udf35 \u00e1rbol enviado!\" data-sent-form-message=\"\u2606 Este formulario fue creado para presentarle Tainacan! \u2606\" data-document-section-label=\"Foto principal del \u00e1rbol (hasta 5MB)\" data-thumbnail-section-label=\"\" data-attachments-section-label=\"Otras fotos del \u00e1rbol (hasta 5MB)\" data-metadata-section-label=\"Informaci\u00f3n\" data-show-item-link-button=\"true\" data-show-terms-agreement-checkbox=\"true\" data-terms-agreement-message=\"Eleg\u00ed un \u00e1rbol que me gusta mucho!\" data-item-link-button-label=\"Mira tu \u00e1rbol aqu\u00ed \ud83c\udf33\ud83c\udf34\ud83c\udf35\" data-help-info-bellow-label=\"false\" data-is-layout-steps=\"false\"><\/div><\/div>\n\n\n\n<p><\/p>","protected":false},"excerpt":{"rendered":"<p>Recolecci\u00f3n de \u00e1rboles de nuestro territorio como forma de aprendizaje de herramientas de Tainacan.En caso de textos m\u00e1s extensos, se recomienda guardar la informaci\u00f3n en un bloc de notas. Es posible completarlo desde su tel\u00e9fono, pero el formulario fue dise\u00f1ado para una computadora.<\/p>","protected":false},"author":1,"featured_media":0,"parent":0,"menu_order":0,"comment_status":"closed","ping_status":"closed","template":"","meta":{"footnotes":""},"class_list":["post-1449","page","type-page","status-publish","hentry"],"blocksy_meta":[],"_links":{"self":[{"href":"https:\/\/redcoral.la\/pt\/wp-json\/wp\/v2\/pages\/1449","targetHints":{"allow":["GET"]}}],"collection":[{"href":"https:\/\/redcoral.la\/pt\/wp-json\/wp\/v2\/pages"}],"about":[{"href":"https:\/\/redcoral.la\/pt\/wp-json\/wp\/v2\/types\/page"}],"author":[{"embeddable":true,"href":"https:\/\/redcoral.la\/pt\/wp-json\/wp\/v2\/users\/1"}],"replies":[{"embeddable":true,"href":"https:\/\/redcoral.la\/pt\/wp-json\/wp\/v2\/comments?post=1449"}],"version-history":[{"count":6,"href":"https:\/\/redcoral.la\/pt\/wp-json\/wp\/v2\/pages\/1449\/revisions"}],"predecessor-version":[{"id":2188,"href":"https:\/\/redcoral.la\/pt\/wp-json\/wp\/v2\/pages\/1449\/revisions\/2188"}],"wp:attachment":[{"href":"https:\/\/redcoral.la\/pt\/wp-json\/wp\/v2\/media?parent=1449"}],"curies":[{"name":"wp","href":"https:\/\/api.w.org\/{rel}","templated":true}]}}