{"id":235,"date":"2022-06-25T00:18:56","date_gmt":"2022-06-25T00:18:56","guid":{"rendered":"https:\/\/redcoral.la\/?page_id=235"},"modified":"2022-09-08T15:23:36","modified_gmt":"2022-09-08T15:23:36","slug":"escuela-coral","status":"publish","type":"page","link":"https:\/\/redcoral.la\/pt\/escuela-coral\/","title":{"rendered":"Escola Latino-Americana de Comunica\u00e7\u00e3o para a Defesa do Territ\u00f3rio"},"content":{"rendered":"<p><\/p>\n\n\n\n<figure class=\"wp-block-image alignright size-large is-resized\"><img loading=\"lazy\" decoding=\"async\" src=\"https:\/\/redcoral.la\/wp-content\/uploads\/2022\/05\/Sol-1024x1024.png\" alt=\"\" class=\"wp-image-166\" width=\"348\" height=\"348\" srcset=\"https:\/\/redcoral.la\/wp-content\/uploads\/2022\/05\/Sol-1024x1024.png 1024w, https:\/\/redcoral.la\/wp-content\/uploads\/2022\/05\/Sol-300x300.png 300w, https:\/\/redcoral.la\/wp-content\/uploads\/2022\/05\/Sol-150x150.png 150w, https:\/\/redcoral.la\/wp-content\/uploads\/2022\/05\/Sol-768x768.png 768w, https:\/\/redcoral.la\/wp-content\/uploads\/2022\/05\/Sol-12x12.png 12w, https:\/\/redcoral.la\/wp-content\/uploads\/2022\/05\/Sol.png 1080w\" sizes=\"auto, (max-width: 348px) 100vw, 348px\" \/><\/figure>\n\n\n\n<p>Coletividades Reunidas da Am\u00e9rica Latina (CORAL) fez um chamado para as pessoas interessadas em fortalecer os seus pr\u00f3prios processos de forma\u00e7\u00e3o em comunica\u00e7\u00e3o para a defesa do territ\u00f3rio participarem do processo que come\u00e7ar\u00e1 no m\u00eas de setembro e ser\u00e1 encerrado no m\u00eas de dezembro de 2022. A primeira parte da Escola de Comunica\u00e7\u00e3o Estrat\u00e9gica para a Defesa do Territ\u00f3rio \u201cCORAL\u201d acontecer\u00e1  virtualmente e ter\u00e1 encontros presenciais no M\u00e9xico durante o m\u00eas de novembro.<\/p>\n\n\n\n<p><strong>OBJETIVOS<\/strong><\/p>\n\n\n\n<p>Os objetivos da Escola s\u00e3o fortalecer, nos processos de forma\u00e7\u00e3o, o olhar estrat\u00e9gico focado no trabalho comunicacional, principalmente  a partir da  linguagem audiovisual, para amplificar suas capacidades de:<\/p>\n\n\n\n<ul class=\"wp-block-list\"><li>Incid\u00eancia para posicionar seus projetos alternativos de desenvolvimento no debate social, por meio de narrativas transformadoras em prol da justi\u00e7a socioambiental;<\/li><li>Documenta\u00e7\u00e3o e organiza\u00e7\u00e3o de provas audiovisuais para contribuir para o avan\u00e7o de seus objetivos nos processos de justi\u00e7a;&nbsp;<\/li><li>Capacita\u00e7\u00e3o de outras pessoas dentro de seus territ\u00f3rios, movimentos e atores solid\u00e1rios, em ferramentas e estrat\u00e9gias de comunica\u00e7\u00e3o.<\/li><\/ul>\n\n\n\n<p><strong>Conte\u00fados do processo<\/strong><\/p>\n\n\n\n<figure class=\"wp-block-table is-style-stripes\"><table class=\"has-white-background-color has-background\"><tbody><tr><td>An\u00e1lise da realidade<\/td><td>Estrat\u00e9gia de comunica\u00e7\u00e3o<\/td><\/tr><tr><td>V\u00eddeo como evid\u00eancia<\/td><td>Interven\u00e7\u00e3o narrativa<\/td><\/tr><tr><td>Desenvolvimento do plano de forma\u00e7\u00e3o<\/td><td>Metodologias participativas<\/td><\/tr><\/tbody><\/table><\/figure>\n\n\n\n<p><strong>DETALHES PARA PARTICIPAR DO PROCESSO<\/strong><\/p>\n\n\n\n<ul class=\"wp-block-list\"><li>Dirigido a pessoas defensoras da terra e do territ\u00f3rio e aliados na Am\u00e9rica Latina (com \u00eanfase no M\u00e9xico, Equador, Brasil e Chile).<\/li><li>A participa\u00e7\u00e3o presencial dentro do processo \u00e9 projetada para uma pessoa por movimento\/organiza\u00e7\u00e3o. Nas sess\u00f5es online, mais pessoas por movimento ou organiza\u00e7\u00e3o podem participar.<\/li><li>Que a organiza\u00e7\u00e3o ou movimento veja a comunica\u00e7\u00e3o como uma estrat\u00e9gia importante na defesa da terra e do territ\u00f3rio.<\/li><li>Carta de compromisso emitida pela organiza\u00e7\u00e3o\/movimento para os participantes<\/li><li>\u00c9 necess\u00e1rio ter conex\u00e3o \u00e0 Internet, acesso a dispositivos m\u00f3veis ou outro equipamento.<\/li><li>Existe a possibilidade de os participantes viajarem e participarem pessoalmente de uma reuni\u00e3o que acontecer\u00e1 em novembro de 2022 no M\u00e9xico.<\/li><li>Tenha um processo de treinamento de comunica\u00e7\u00e3o em mente ou em andamento.<\/li><li>O processo ser\u00e1 realizado em espanhol e portugu\u00eas.<\/li><\/ul>\n\n\n\n<p><strong>DATAS DO PROCESSO DE SELE\u00c7\u00c3O<\/strong><\/p>\n\n\n\n<ul class=\"wp-block-list\"><li>Preencher o formul\u00e1rio de inscri\u00e7\u00e3o com data limite at\u00e9 29 de julho de 2022. <\/li><li>As entidades organizadoras do processo de sele\u00e7\u00e3o far\u00e3o uma sele\u00e7\u00e3o buscando diversidade geogr\u00e1fica e tem\u00e1tica, al\u00e9m de buscar equidade na participa\u00e7\u00e3o das mulheres.<\/li><li>Os resultados da chamada ser\u00e3o publicados no dia 26 de agosto de 2022.<\/li><\/ul>\n\n\n\n<p><strong>CALEND\u00c1RIO DE ATIVIDADES<\/strong><\/p>\n\n\n\n<p><strong>Sess\u00f5es online<\/strong> <\/p>\n\n\n\n<p>Aos s\u00e1bados, a cada 15 dias, nos seguintes hor\u00e1rios:<\/p>\n\n\n\n<p>9:00 a 12:00 hora M\u00e9xico, Colombia, Ecuador, Per\u00fa\/\/ 8am a 11am en Honduras, Nicaragua, El Salvador \/\/ 11-14 horas Chile, Brasil, Argentina<\/p>\n\n\n\n<figure class=\"wp-block-table is-style-stripes\"><table><tbody><tr><td>s\u00e1bado, 10 de setembro de 2022<\/td><\/tr><tr><td>s\u00e1bado, 24 de setembro de 2022<\/td><\/tr><tr><td>s\u00e1bado, 8 de outubro de 2022<\/td><\/tr><tr><td>s\u00e1bado, 22 de outubro de 2022<\/td><\/tr><tr><td>s\u00e1bado, 5 de novembro de 2022<\/td><\/tr><tr><td>s\u00e1bado, 3 de dezembro de 2022<\/td><\/tr><\/tbody><\/table><\/figure>\n\n\n\n<p><strong>Encontro presencial<\/strong><\/p>\n\n\n\n<figure class=\"wp-block-table is-style-stripes\"><table><tbody><tr><td>De 14 a 20 de novembro de 2022 se realizar\u00e1 o encontro no M\u00e9xico. <br><br>Fica aberto o convite para as pessoas participantes que possam ficar ao finalizar o encontro presencial, para participarem do Tejemedios no M\u00e9xico, durante os dias 19 e 20 de novembro. Aqui voc\u00ea pode consultar mais informa\u00e7\u00f5es sobre o \u00faltimo <a href=\"http:\/\/tejemedios.yanapak.org\/\" data-type=\"URL\" data-id=\"tejemedios.yanapak.org\/\">Tejemedios<\/a>, que aconteceu em maio de 2022 em Puebla. <\/td><\/tr><\/tbody><\/table><\/figure>\n\n\n\n<p>Se tiver alguma d\u00favida, escreva para contacto@redcoral.la<\/p>","protected":false},"excerpt":{"rendered":"<p>Colectivxs Reunidxs de Am\u00e9rica Latina (CORAL) convoc\u00f3 a personas defensoras del territorio interesadas en fortalecer sus procesos de formaci\u00f3n en comunicaci\u00f3n para la defensa del territorio a participar en un proceso que iniciar\u00e1 en septiembre y finalizar\u00e1 en diciembre de 2022. Esta Escuela de Comunicaci\u00f3n Estrat\u00e9gica para la Defensa del Territorio &#8220;CORAL&#8221; se facilitar\u00e1 la [&hellip;]<\/p>","protected":false},"author":1,"featured_media":327,"parent":0,"menu_order":0,"comment_status":"closed","ping_status":"closed","template":"","meta":{"footnotes":""},"class_list":["post-235","page","type-page","status-publish","has-post-thumbnail","hentry"],"blocksy_meta":[],"_links":{"self":[{"href":"https:\/\/redcoral.la\/pt\/wp-json\/wp\/v2\/pages\/235","targetHints":{"allow":["GET"]}}],"collection":[{"href":"https:\/\/redcoral.la\/pt\/wp-json\/wp\/v2\/pages"}],"about":[{"href":"https:\/\/redcoral.la\/pt\/wp-json\/wp\/v2\/types\/page"}],"author":[{"embeddable":true,"href":"https:\/\/redcoral.la\/pt\/wp-json\/wp\/v2\/users\/1"}],"replies":[{"embeddable":true,"href":"https:\/\/redcoral.la\/pt\/wp-json\/wp\/v2\/comments?post=235"}],"version-history":[{"count":35,"href":"https:\/\/redcoral.la\/pt\/wp-json\/wp\/v2\/pages\/235\/revisions"}],"predecessor-version":[{"id":530,"href":"https:\/\/redcoral.la\/pt\/wp-json\/wp\/v2\/pages\/235\/revisions\/530"}],"wp:featuredmedia":[{"embeddable":true,"href":"https:\/\/redcoral.la\/pt\/wp-json\/wp\/v2\/media\/327"}],"wp:attachment":[{"href":"https:\/\/redcoral.la\/pt\/wp-json\/wp\/v2\/media?parent=235"}],"curies":[{"name":"wp","href":"https:\/\/api.w.org\/{rel}","templated":true}]}}