{"id":525,"date":"2022-09-08T02:08:02","date_gmt":"2022-09-08T02:08:02","guid":{"rendered":"https:\/\/redcoral.la\/?page_id=525"},"modified":"2022-11-08T15:03:46","modified_gmt":"2022-11-08T15:03:46","slug":"video-para-la-defensa-del-territorio","status":"publish","type":"page","link":"https:\/\/redcoral.la\/pt\/video-para-la-defensa-del-territorio\/","title":{"rendered":"Video para la defensa del territorio"},"content":{"rendered":"<p>Gu\u00edas de video para la defensa del territorio de <a rel=\"noreferrer noopener\" href=\"https:\/\/es.witness.org\/recursos\/\" data-type=\"URL\" data-id=\"https:\/\/es.witness.org\/recursos\/\" target=\"_blank\">WITNESS<\/a>:<\/p>\n\n\n\n<figure class=\"wp-block-image size-large\"><img loading=\"lazy\" decoding=\"async\" width=\"1024\" height=\"576\" src=\"https:\/\/redcoral.la\/wp-content\/uploads\/2022\/09\/Twitter-LAC45-1024x576.png\" alt=\"\" class=\"wp-image-526\" srcset=\"https:\/\/redcoral.la\/wp-content\/uploads\/2022\/09\/Twitter-LAC45-1024x576.png 1024w, https:\/\/redcoral.la\/wp-content\/uploads\/2022\/09\/Twitter-LAC45-300x169.png 300w, https:\/\/redcoral.la\/wp-content\/uploads\/2022\/09\/Twitter-LAC45-768x432.png 768w, https:\/\/redcoral.la\/wp-content\/uploads\/2022\/09\/Twitter-LAC45-1536x864.png 1536w, https:\/\/redcoral.la\/wp-content\/uploads\/2022\/09\/Twitter-LAC45-18x10.png 18w, https:\/\/redcoral.la\/wp-content\/uploads\/2022\/09\/Twitter-LAC45.png 1600w\" sizes=\"auto, (max-width: 1024px) 100vw, 1024px\" \/><\/figure>\n\n\n\n<ul class=\"wp-block-list\">\n<li><a href=\"http:\/\/witness.mediafire.com\/file\/vpvdbqu0dppdrky\/ES_Video_DefensaTierra_201907_v1.pdf\/file\">Producci\u00f3n de video para la defensa del territorio<\/a>: Esta gu\u00eda plantea consideraciones para antes, durante y despu\u00e9s de la producci\u00f3n de video para la defensa de los territorios.<\/li>\n\n\n\n<li><a href=\"http:\/\/witness.mediafire.com\/file\/eeudiy1e3w54mto\/video%252Bgenero%252Bdefensaterritorio.pdf\">Realizaci\u00f3n de video con perspectiva de g\u00e9nero<\/a>: Consideraciones para la realizaci\u00f3n de video con perspectiva de g\u00e9nero. Aseg\u00farate de incluir la visi\u00f3n y las voces de las mujeres al registrar en video las afectaciones de proyectos extractivos, o al entrevistar a personas o representantes de los movimientos.<\/li>\n\n\n\n<li><a href=\"http:\/\/www.mediafire.com\/download\/qmz501m2yc0g1lc\/ES_VaE_Mini_Guia_PracticasBasicas_v1_0.pdf\">Pr\u00e1cticas b\u00e1sicas para grabar, guardar y difundir evidencia en video<\/a>: Pr\u00e1cticas b\u00e1sicas para utilizar video de forma segura, \u00e9tica y eficaz para documentar violaciones de derechos y apoyar el proceso de llevar a los responsables ante la justicia.<\/li>\n\n\n\n<li><a rel=\"noreferrer noopener\" href=\"https:\/\/wit.to\/VideoComoEvidencia-Territorio\" data-type=\"URL\" data-id=\"https:\/\/wit.to\/VideoComoEvidencia-Territorio\" target=\"_blank\">Video como evidencia para la defensa del territorio<\/a>: una versi\u00f3n inicial de la serie de mini gu\u00edas para capturar evidencia en video de cr\u00edmenes y delitos medio ambientales, violaciones a los derechos de la tierra.<\/li>\n\n\n\n<li><a href=\"http:\/\/witness.mediafire.com\/file\/25lwe442yw6glrm\/ES_VaE_MiniGuia_CollectionPlanning_v1_0.pdf\/file\">Plan de recolecci\u00f3n de pruebas en video<\/a>: Un plan de recolecci\u00f3n ayuda a concretar el material de video que debe recopilarse para que sea de apoyo a la estrategia legal de defensa de territorio.<\/li>\n<\/ul>","protected":false},"excerpt":{"rendered":"<p>Gu\u00edas de video para la defensa del territorio de WITNESS:<\/p>","protected":false},"author":1,"featured_media":526,"parent":0,"menu_order":0,"comment_status":"closed","ping_status":"closed","template":"","meta":{"footnotes":""},"class_list":["post-525","page","type-page","status-publish","has-post-thumbnail","hentry"],"blocksy_meta":[],"_links":{"self":[{"href":"https:\/\/redcoral.la\/pt\/wp-json\/wp\/v2\/pages\/525","targetHints":{"allow":["GET"]}}],"collection":[{"href":"https:\/\/redcoral.la\/pt\/wp-json\/wp\/v2\/pages"}],"about":[{"href":"https:\/\/redcoral.la\/pt\/wp-json\/wp\/v2\/types\/page"}],"author":[{"embeddable":true,"href":"https:\/\/redcoral.la\/pt\/wp-json\/wp\/v2\/users\/1"}],"replies":[{"embeddable":true,"href":"https:\/\/redcoral.la\/pt\/wp-json\/wp\/v2\/comments?post=525"}],"version-history":[{"count":4,"href":"https:\/\/redcoral.la\/pt\/wp-json\/wp\/v2\/pages\/525\/revisions"}],"predecessor-version":[{"id":781,"href":"https:\/\/redcoral.la\/pt\/wp-json\/wp\/v2\/pages\/525\/revisions\/781"}],"wp:featuredmedia":[{"embeddable":true,"href":"https:\/\/redcoral.la\/pt\/wp-json\/wp\/v2\/media\/526"}],"wp:attachment":[{"href":"https:\/\/redcoral.la\/pt\/wp-json\/wp\/v2\/media?parent=525"}],"curies":[{"name":"wp","href":"https:\/\/api.w.org\/{rel}","templated":true}]}}