{"id":552,"date":"2022-09-09T22:38:10","date_gmt":"2022-09-09T22:38:10","guid":{"rendered":"https:\/\/redcoral.la\/?page_id=552"},"modified":"2022-11-11T21:27:00","modified_gmt":"2022-11-11T21:27:00","slug":"servidores-autonomos-replicables","status":"publish","type":"page","link":"https:\/\/redcoral.la\/pt\/servidores-autonomos-replicables\/","title":{"rendered":"Servidores Aut\u00f3nomos"},"content":{"rendered":"<p class=\"has-normal-font-size\">Servidores Aut\u00f3nomos Replicables<\/p>\n\n\n\n<p>Un servidor aut\u00f3nomo es una herramienta multiuso para organizaciones y comunidades, quienes ya pueden autobrindarse sevicios de comunicaci\u00f3n digital sin depender de empresas comerciales, manteniendo la seguridad, privacidad y autonom\u00eda de sus comunicaciones. <\/p>\n\n\n\n<p><a rel=\"noreferrer noopener\" href=\"https:\/\/sar.laboratoriodemedios.org\/\" data-type=\"URL\" data-id=\"https:\/\/sar.laboratoriodemedios.org\/\" target=\"_blank\">En esta p\u00e1gina web<\/a> puedes consultar<a rel=\"noreferrer noopener\" href=\"https:\/\/sar.laboratoriodemedios.org\/servicios.html\" data-type=\"URL\" data-id=\"https:\/\/sar.laboratoriodemedios.org\/servicios.html\" target=\"_blank\"> tutoriales de instalaci\u00f3n de servicios<\/a>, un <a rel=\"noreferrer noopener\" href=\"https:\/\/sar.laboratoriodemedios.org\/glosario.html\" data-type=\"URL\" data-id=\"https:\/\/sar.laboratoriodemedios.org\/glosario.html\" target=\"_blank\">glosario<\/a> y m\u00e1s <a rel=\"noreferrer noopener\" href=\"https:\/\/sar.laboratoriodemedios.org\/sar.html\" data-type=\"URL\" data-id=\"https:\/\/sar.laboratoriodemedios.org\/sar.html\" target=\"_blank\">sobre el proyecto SAR<\/a> del <a href=\"https:\/\/laboratoriodemedios.org\/\" data-type=\"URL\" data-id=\"https:\/\/laboratoriodemedios.org\/\" target=\"_blank\" rel=\"noreferrer noopener\">Laboratorio Popular de Medios Libres.<\/a><\/p>\n\n\n\n<figure class=\"wp-block-image size-large\"><a href=\"https:\/\/sar.laboratoriodemedios.org\/\" target=\"_blank\" rel=\"noreferrer noopener\"><img loading=\"lazy\" decoding=\"async\" width=\"1024\" height=\"432\" src=\"https:\/\/redcoral.la\/wp-content\/uploads\/2022\/09\/banner2SAR-1024x432.png\" alt=\"\" class=\"wp-image-553\" srcset=\"https:\/\/redcoral.la\/wp-content\/uploads\/2022\/09\/banner2SAR-1024x432.png 1024w, https:\/\/redcoral.la\/wp-content\/uploads\/2022\/09\/banner2SAR-300x127.png 300w, https:\/\/redcoral.la\/wp-content\/uploads\/2022\/09\/banner2SAR-768x324.png 768w, https:\/\/redcoral.la\/wp-content\/uploads\/2022\/09\/banner2SAR-18x8.png 18w, https:\/\/redcoral.la\/wp-content\/uploads\/2022\/09\/banner2SAR.png 1280w\" sizes=\"auto, (max-width: 1024px) 100vw, 1024px\" \/><\/a><\/figure>","protected":false},"excerpt":{"rendered":"<p>Servidores Aut\u00f3nomos Replicables Un servidor aut\u00f3nomo es una herramienta multiuso para organizaciones y comunidades, quienes ya pueden autobrindarse sevicios de comunicaci\u00f3n digital sin depender de empresas comerciales, manteniendo la seguridad, privacidad y autonom\u00eda de sus comunicaciones. En esta p\u00e1gina web puedes consultar tutoriales de instalaci\u00f3n de servicios, un glosario y m\u00e1s sobre el proyecto SAR [&hellip;]<\/p>","protected":false},"author":1,"featured_media":0,"parent":0,"menu_order":0,"comment_status":"closed","ping_status":"closed","template":"","meta":{"footnotes":""},"class_list":["post-552","page","type-page","status-publish","hentry"],"blocksy_meta":[],"_links":{"self":[{"href":"https:\/\/redcoral.la\/pt\/wp-json\/wp\/v2\/pages\/552","targetHints":{"allow":["GET"]}}],"collection":[{"href":"https:\/\/redcoral.la\/pt\/wp-json\/wp\/v2\/pages"}],"about":[{"href":"https:\/\/redcoral.la\/pt\/wp-json\/wp\/v2\/types\/page"}],"author":[{"embeddable":true,"href":"https:\/\/redcoral.la\/pt\/wp-json\/wp\/v2\/users\/1"}],"replies":[{"embeddable":true,"href":"https:\/\/redcoral.la\/pt\/wp-json\/wp\/v2\/comments?post=552"}],"version-history":[{"count":4,"href":"https:\/\/redcoral.la\/pt\/wp-json\/wp\/v2\/pages\/552\/revisions"}],"predecessor-version":[{"id":800,"href":"https:\/\/redcoral.la\/pt\/wp-json\/wp\/v2\/pages\/552\/revisions\/800"}],"wp:attachment":[{"href":"https:\/\/redcoral.la\/pt\/wp-json\/wp\/v2\/media?parent=552"}],"curies":[{"name":"wp","href":"https:\/\/api.w.org\/{rel}","templated":true}]}}