{"id":558,"date":"2022-09-09T22:44:57","date_gmt":"2022-09-09T22:44:57","guid":{"rendered":"https:\/\/redcoral.la\/?page_id=558"},"modified":"2022-10-09T13:47:02","modified_gmt":"2022-10-09T13:47:02","slug":"modulo-1","status":"publish","type":"page","link":"https:\/\/redcoral.la\/pt\/modulo-1\/","title":{"rendered":"M\u00f3dulo 1"},"content":{"rendered":"<p style=\"font-size:clamp(21.536px, 1.346rem + ((1vw - 3.2px) * 1.052), 35px);\"><strong>Ponto de Partida e Horizonte Comum<\/strong><\/p>\n\n\n\n<figure class=\"wp-block-image alignright size-large is-resized\"><img loading=\"lazy\" decoding=\"async\" src=\"https:\/\/redcoral.la\/wp-content\/uploads\/2022\/05\/Wiphala-1024x1024.png\" alt=\"\" class=\"wp-image-168\" width=\"339\" height=\"339\" srcset=\"https:\/\/redcoral.la\/wp-content\/uploads\/2022\/05\/Wiphala-1024x1024.png 1024w, https:\/\/redcoral.la\/wp-content\/uploads\/2022\/05\/Wiphala-300x300.png 300w, https:\/\/redcoral.la\/wp-content\/uploads\/2022\/05\/Wiphala-150x150.png 150w, https:\/\/redcoral.la\/wp-content\/uploads\/2022\/05\/Wiphala-768x768.png 768w, https:\/\/redcoral.la\/wp-content\/uploads\/2022\/05\/Wiphala-12x12.png 12w, https:\/\/redcoral.la\/wp-content\/uploads\/2022\/05\/Wiphala.png 1080w\" sizes=\"auto, (max-width: 339px) 100vw, 339px\" \/><\/figure>\n\n\n\n<p style=\"font-size:clamp(18.959px, 1.185rem + ((1vw - 3.2px) * 0.863), 30px);\"><strong>Sesi\u00f3n 1 y 2:<\/strong><\/p>\n\n\n\n<p class=\"has-normal-font-size\"><strong>OBJETIVOS:<\/strong><\/p>\n\n\n\n<ul class=\"wp-block-list\"><li>Reconhecer e compartilhar metodologias participativas para a an\u00e1lise da realidade de nossos territ\u00f3rios.&nbsp;<\/li><li>Aprofundar o assunto sobre o papel da forma\u00e7\u00e3o pol\u00edtica e o aprendizado de ferramentas no devir das lutas sociais na Am\u00e9rica Latina.<\/li><\/ul>\n\n\n\n<p class=\"has-normal-font-size\"><strong>Conte\u00fados:<\/strong><\/p>\n\n\n\n<p>Ser\u00e3o revisadas 3 metodologias de an\u00e1lise de contexto para discutir nossa vis\u00e3o da realidade, reconhecer nossos pontos de partida em comum e ponderar nossos horizontes:<\/p>\n\n\n\n<p><a href=\"https:\/\/nube.redcoral.la\/index.php\/s\/9JsWgGdyjKrtesT\" target=\"_blank\" rel=\"noreferrer noopener\">1) Mapa de atores<\/a><\/p>\n\n\n\n<p><a href=\"https:\/\/nube.redcoral.la\/index.php\/s\/y8R6Ag4rYnK8rez\" target=\"_blank\" rel=\"noreferrer noopener\">2) Linha do tempo<\/a><\/p>\n\n\n\n<p><a href=\"https:\/\/nube.redcoral.la\/index.php\/s\/BSeL5HJ52PQEjwo\" target=\"_blank\" rel=\"noreferrer noopener\">3) Mapeamento coletivo: nosso corpo-territ\u00f3rio&nbsp;&nbsp;<\/a><\/p>\n\n\n\n<p><a href=\"https:\/\/nube.redcoral.la\/index.php\/s\/8rmoEfBg8KaJ6fY\" target=\"_blank\" rel=\"noreferrer noopener\">4) Mapa de Atores parte 2: da conversa social<\/a><\/p>\n\n\n\n<p class=\"has-normal-font-size\"><strong>Exemplo:<\/strong><\/p>\n\n\n\n<p><a href=\"https:\/\/nube.redcoral.la\/index.php\/s\/LHy4QSAow9sAeb7\" target=\"_blank\" rel=\"noreferrer noopener\">Mapa de atores de Juba Wajin<\/a><\/p>\n\n\n\n<p class=\"has-normal-font-size\"><strong>Antes da sess\u00e3o:<\/strong><em>&nbsp;<\/em><\/p>\n\n\n\n<p><em>Convidamos a ler e discutir algumas perspectivas de diversos autores que j\u00e1 refletiram sobre a realidade das lutas sociais na Am\u00e9rica Latina.<\/em><\/p>\n\n\n\n<p>\u201cCorpos, territ\u00f3rios e feminismos\u201d<a href=\"http:\/\/bajotierraediciones.com\/biblioteca\/\"> http:\/\/bajotierraediciones.com\/biblioteca\/<\/a> <\/p>\n\n\n\n<p>Descargar:<a href=\"http:\/\/bajotierraediciones.com\/wp-content\/uploads\/2022\/04\/Cruz-y-Bayon-Cuerpos-territorios-y-feminismos.pdf\"> http:\/\/bajotierraediciones.com\/wp-content\/uploads\/2022\/04\/Cruz-y-Bayon-Cuerpos-territorios-y-feminismos.pdf<\/a><\/p>\n\n\n\n<p>Meios livres e analise de contexto:<a href=\"http:\/\/www.sociales.uba.ar\/wp-content\/blogs.dir\/219\/files\/2015\/07\/3-Gestion-Medios-B.pdf\">: http:\/\/www.sociales.uba.ar\/wp-content\/blogs.dir\/219\/files\/2015\/07\/3-Gestion-Medios-B.pdf<\/a><\/p>\n\n\n\n<p><a href=\"https:\/\/nube.redcoral.la\/index.php\/s\/FcfYmHzaTA8Q8nN\" target=\"_blank\" rel=\"noreferrer noopener\">Descarga la ficha del m\u00f3dulo 1<\/a><\/p>","protected":false},"excerpt":{"rendered":"<p>Punto de Partida y Horizonte Com\u00fan Sesi\u00f3n 1 y 2: Objetivos: Reconocer y compartir metodolog\u00edas participativas para el an\u00e1lisis de la realidad desde nuestros territorios.&nbsp; Profundizar sobre el rol de la formaci\u00f3n pol\u00edtica y el aprendizaje de herramientas en el devenir de las luchas sociales de Am\u00e9rica Latina. Contenidos: Se revisar\u00e1n 3 metodolog\u00edas de an\u00e1lisis [&hellip;]<\/p>","protected":false},"author":1,"featured_media":0,"parent":0,"menu_order":0,"comment_status":"closed","ping_status":"closed","template":"","meta":{"footnotes":""},"class_list":["post-558","page","type-page","status-publish","hentry"],"blocksy_meta":[],"_links":{"self":[{"href":"https:\/\/redcoral.la\/pt\/wp-json\/wp\/v2\/pages\/558","targetHints":{"allow":["GET"]}}],"collection":[{"href":"https:\/\/redcoral.la\/pt\/wp-json\/wp\/v2\/pages"}],"about":[{"href":"https:\/\/redcoral.la\/pt\/wp-json\/wp\/v2\/types\/page"}],"author":[{"embeddable":true,"href":"https:\/\/redcoral.la\/pt\/wp-json\/wp\/v2\/users\/1"}],"replies":[{"embeddable":true,"href":"https:\/\/redcoral.la\/pt\/wp-json\/wp\/v2\/comments?post=558"}],"version-history":[{"count":18,"href":"https:\/\/redcoral.la\/pt\/wp-json\/wp\/v2\/pages\/558\/revisions"}],"predecessor-version":[{"id":624,"href":"https:\/\/redcoral.la\/pt\/wp-json\/wp\/v2\/pages\/558\/revisions\/624"}],"wp:attachment":[{"href":"https:\/\/redcoral.la\/pt\/wp-json\/wp\/v2\/media?parent=558"}],"curies":[{"name":"wp","href":"https:\/\/api.w.org\/{rel}","templated":true}]}}