{"id":576,"date":"2022-10-07T16:10:04","date_gmt":"2022-10-07T16:10:04","guid":{"rendered":"https:\/\/redcoral.la\/?page_id=576"},"modified":"2022-11-04T20:21:10","modified_gmt":"2022-11-04T20:21:10","slug":"modulo-2","status":"publish","type":"page","link":"https:\/\/redcoral.la\/pt\/modulo-2\/","title":{"rendered":"M\u00f3dulo 2"},"content":{"rendered":"<p style=\"font-size:clamp(21.536px, 1.346rem + ((1vw - 3.2px) * 1.052), 35px);\"><strong>NARRATIVAS QUE CONSTROEM MUNDOS<\/strong><\/p>\n\n\n\n<figure class=\"wp-block-image alignright size-large is-resized\"><img loading=\"lazy\" decoding=\"async\" src=\"https:\/\/redcoral.la\/wp-content\/uploads\/2022\/05\/Montan\u0303as-1024x1024.png\" alt=\"\" class=\"wp-image-162\" width=\"390\" height=\"390\" srcset=\"https:\/\/redcoral.la\/wp-content\/uploads\/2022\/05\/Montan\u0303as-1024x1024.png 1024w, https:\/\/redcoral.la\/wp-content\/uploads\/2022\/05\/Montan\u0303as-300x300.png 300w, https:\/\/redcoral.la\/wp-content\/uploads\/2022\/05\/Montan\u0303as-150x150.png 150w, https:\/\/redcoral.la\/wp-content\/uploads\/2022\/05\/Montan\u0303as-768x768.png 768w, https:\/\/redcoral.la\/wp-content\/uploads\/2022\/05\/Montan\u0303as-12x12.png 12w, https:\/\/redcoral.la\/wp-content\/uploads\/2022\/05\/Montan\u0303as.png 1080w\" sizes=\"auto, (max-width: 390px) 100vw, 390px\" \/><\/figure>\n\n\n\n<p style=\"font-size:clamp(18.959px, 1.185rem + ((1vw - 3.2px) * 0.863), 30px);\"><strong>Sess\u00e3o 3 e 4:<\/strong><\/p>\n\n\n\n<p class=\"has-normal-font-size\"><strong>OBJETIVOS:<\/strong><\/p>\n\n\n\n<ul class=\"wp-block-list\" style=\"font-size:clamp(14px, 0.875rem + ((1vw - 3.2px) * 0.078), 15px);\">\n<li>Conhecer as etapas do planejamento a partir de uma an\u00e1lise da realidade, que permitam identificar objetivo(s) de mudan\u00e7a, definir objetivo(s) de comunica\u00e7\u00e3o e escolher o(s) p\u00fablico(s).<\/li>\n\n\n\n<li>Fornecer ferramentas para identificar, analisar e alimentar narrativas pr\u00f3prias, assim como definir mensagens voltadas para os objetivos de mudan\u00e7a.<\/li>\n\n\n\n<li>Come\u00e7ar a compartilhar as metodologias, formas de nomea\u00e7\u00e3o que s\u00e3o utilizadas pelas pessoas participantes.<\/li>\n<\/ul>\n\n\n\n<p class=\"has-normal-font-size\"><strong>Conte\u00fados:<\/strong><\/p>\n\n\n\n<ul class=\"wp-block-list\" style=\"font-size:clamp(14px, 0.875rem + ((1vw - 3.2px) * 0.078), 15px);\">\n<li>Ser\u00e3o compartilhados os primeiros passos do planejamento: objetivo(s) de mudan\u00e7a, p\u00fablicos\/audi\u00eancias e objetivo(s) de comunica\u00e7\u00e3o.<\/li>\n\n\n\n<li>Plano de coleta de evid\u00eancias: o que \u00e9 um plano, diferen\u00e7a entre v\u00eddeo e ocorr\u00eancia\/v\u00eddeo como evid\u00eancia (prova), estrutura de um plano de coleta.<\/li>\n\n\n\n<li>Compreender e analisar a conversa social (o que \u00e9 dito, onde e para quem).<\/li>\n\n\n\n<li>Identificar e mapear narrativas pr\u00f3prias para definir mensagens de acordo com os objetivos.<\/li>\n<\/ul>\n\n\n\n<figure class=\"wp-block-image size-large\"><img loading=\"lazy\" decoding=\"async\" width=\"1024\" height=\"186\" src=\"https:\/\/redcoral.la\/wp-content\/uploads\/2022\/10\/Screen-Shot-2022-10-07-at-11.10.20-1024x186.png\" alt=\"\" class=\"wp-image-578\" srcset=\"https:\/\/redcoral.la\/wp-content\/uploads\/2022\/10\/Screen-Shot-2022-10-07-at-11.10.20-1024x186.png 1024w, https:\/\/redcoral.la\/wp-content\/uploads\/2022\/10\/Screen-Shot-2022-10-07-at-11.10.20-300x54.png 300w, https:\/\/redcoral.la\/wp-content\/uploads\/2022\/10\/Screen-Shot-2022-10-07-at-11.10.20-768x139.png 768w, https:\/\/redcoral.la\/wp-content\/uploads\/2022\/10\/Screen-Shot-2022-10-07-at-11.10.20-1536x279.png 1536w, https:\/\/redcoral.la\/wp-content\/uploads\/2022\/10\/Screen-Shot-2022-10-07-at-11.10.20-18x3.png 18w, https:\/\/redcoral.la\/wp-content\/uploads\/2022\/10\/Screen-Shot-2022-10-07-at-11.10.20.png 1886w\" sizes=\"auto, (max-width: 1024px) 100vw, 1024px\" \/><\/figure>\n\n\n\n<p class=\"has-normal-font-size\"><strong>Exerc\u00edcios<\/strong>:<\/p>\n\n\n\n<ul class=\"wp-block-list\" style=\"font-size:clamp(14px, 0.875rem + ((1vw - 3.2px) * 0.078), 15px);\">\n<li>Horizonte comum (objetivo de mudan\u00e7a, objetivo de comunica\u00e7\u00e3o, objetivo de treinamento\/forma\u00e7\u00e3o, objetivo de ocorr\u00eancia, audi\u00eancias, narrativas).<a rel=\"noreferrer noopener\" href=\"https:\/\/drive.google.com\/file\/d\/15oFz3ReH6eybqkmmU2uErTBRZRiqtiek\/view?usp=sharing\" data-type=\"URL\" data-id=\"https:\/\/drive.google.com\/file\/d\/1nHxrbxwCzHwD0brnVRWQO-Y4dlJoIc7K\/view?usp=sharing\" target=\"_blank\"> <\/a><a href=\"https:\/\/nube.redcoral.la\/index.php\/s\/SMoqGdso4NKpP6a\" data-type=\"URL\" data-id=\"https:\/\/nube.redcoral.la\/index.php\/s\/yCjPQrqYTCtnA77\" target=\"_blank\" rel=\"noreferrer noopener\">Descargar aqu\u00ed<\/a><\/li>\n\n\n\n<li>Proposta de interven\u00e7\u00e3o narrativa e mensagens. <a href=\"https:\/\/nube.redcoral.la\/index.php\/s\/wi25KiaLYjJD2wx\" data-type=\"URL\" data-id=\"https:\/\/nube.redcoral.la\/index.php\/s\/NfzrNngfzX2PgPM\" target=\"_blank\" rel=\"noreferrer noopener\">Descarga aqu\u00ed ejercicios de pr\u00e1cticas narrativas<\/a>  <\/li>\n\n\n\n<li>Plan de recolecci\u00f3n de pruebas de video como evidencia. <a href=\"https:\/\/es.witness.org\/portfolio_page\/plan-de-recoleccion-de-pruebas-en-video\/\" data-type=\"URL\" data-id=\"https:\/\/es.witness.org\/portfolio_page\/plan-de-recoleccion-de-pruebas-en-video\/\" target=\"_blank\" rel=\"noreferrer noopener\">Descargar aqu\u00ed<\/a><\/li>\n<\/ul>\n\n\n\n<figure class=\"wp-block-image alignright size-large is-resized\"><img loading=\"lazy\" decoding=\"async\" src=\"https:\/\/redcoral.la\/wp-content\/uploads\/2022\/10\/Screen-Shot-2022-10-07-at-14.50.34-695x1024.png\" alt=\"\" class=\"wp-image-585\" width=\"192\" height=\"282\" srcset=\"https:\/\/redcoral.la\/wp-content\/uploads\/2022\/10\/Screen-Shot-2022-10-07-at-14.50.34-695x1024.png 695w, https:\/\/redcoral.la\/wp-content\/uploads\/2022\/10\/Screen-Shot-2022-10-07-at-14.50.34-204x300.png 204w, https:\/\/redcoral.la\/wp-content\/uploads\/2022\/10\/Screen-Shot-2022-10-07-at-14.50.34-768x1132.png 768w, https:\/\/redcoral.la\/wp-content\/uploads\/2022\/10\/Screen-Shot-2022-10-07-at-14.50.34-8x12.png 8w, https:\/\/redcoral.la\/wp-content\/uploads\/2022\/10\/Screen-Shot-2022-10-07-at-14.50.34.png 790w\" sizes=\"auto, (max-width: 192px) 100vw, 192px\" \/><\/figure>\n\n\n\n<p class=\"has-normal-font-size\"><strong>Leituras pr\u00e9vias:<\/strong><\/p>\n\n\n\n<p style=\"font-size:clamp(14px, 0.875rem + ((1vw - 3.2px) * 0.078), 15px);\">Convidamos para ler e discutir alguns textos da Guia elaborada por Witness e La Sand\u00eda Digital para aprofundar nos conceitos como \u201chorizonte comum, narrativas, mensagens''.<\/p>\n\n\n\n<ul class=\"wp-block-list\" style=\"font-size:clamp(14px, 0.875rem + ((1vw - 3.2px) * 0.078), 15px);\">\n<li><a href=\"https:\/\/lasandiadigital.org.mx\/construir-los-mundos-que-sonamos\/\" data-type=\"URL\" data-id=\"https:\/\/lasandiadigital.org.mx\/construir-los-mundos-que-sonamos\/\" target=\"_blank\" rel=\"noreferrer noopener\">Cap\u00edtulo 2 e 3 da Guia (Sand\u00eda\/WITNESS)<\/a><\/li>\n\n\n\n<li><a rel=\"noreferrer noopener\" href=\"https:\/\/portugues.witness.org\/portfolio_page\/miniguia-video-como-prova-protocolos-basicos\/\" data-type=\"URL\" data-id=\"https:\/\/es.witness.org\/portfolio_page\/mini-guia-practicas-basicas-para-grabar-guardar-y-difundir-evidencia-en-video\/\" target=\"_blank\">Pr\u00e1ticas b\u00e1sicas: gravar, guardar e divulgar evid\u00eancia em v\u00eddeo (WITNESS)<\/a> <\/li>\n<\/ul>\n\n\n\n<p class=\"has-normal-font-size\"><strong>LEITURAS ADICIONAIS:<\/strong><\/p>\n\n\n\n<ul class=\"wp-block-list\" style=\"font-size:clamp(14px, 0.875rem + ((1vw - 3.2px) * 0.078), 15px);\">\n<li><a href=\"https:\/\/nube.redcoral.la\/index.php\/s\/z4Mn9KA6W3o9Egr\" data-type=\"URL\" data-id=\"https:\/\/nube.redcoral.la\/index.php\/s\/8jcWiLegxfg229b\" target=\"_blank\" rel=\"noreferrer noopener\">A Pir\u00e1mide Estrat\u00e9gia Narrativa<\/a><\/li>\n\n\n\n<li><a rel=\"noreferrer noopener\" href=\"https:\/\/nube.redcoral.la\/index.php\/s\/f5rGKR7QKn5ADwj\" target=\"_blank\">Exemplo 2: Sa\u00eddas de emerg\u00eancia <\/a><\/li>\n\n\n\n<li><a rel=\"noreferrer noopener\" href=\"https:\/\/es.witness.org\/portfolio_page\/diagnostico-participativo-tejes-las-voces-defender-la-vida-el-papel-de-la-comunicacion-en-la-defensa-del-territorio-en-mexico\/\" data-type=\"URL\" data-id=\"https:\/\/es.witness.org\/portfolio_page\/diagnostico-participativo-tejes-las-voces-defender-la-vida-el-papel-de-la-comunicacion-en-la-defensa-del-territorio-en-mexico\/\" target=\"_blank\">Cap\u00edtulo narrativas do diagn\u00f3stico (Sand\u00eda\/WITNESS)<\/a><\/li>\n\n\n\n<li><a rel=\"noreferrer noopener\" href=\"https:\/\/www.youtube.com\/watch?v=qDovHZVdyVQ\" data-type=\"URL\" data-id=\"https:\/\/www.youtube.com\/watch?v=sYItZ3bTosU\" target=\"_blank\">Videoconfer\u00eancia Chimamanda Gnozi - Dublado em portugu\u00eas<\/a> <\/li>\n<\/ul>\n\n\n\n<figure class=\"wp-block-embed is-type-video is-provider-youtube wp-block-embed-youtube wp-embed-aspect-16-9 wp-has-aspect-ratio\"><div class=\"wp-block-embed__wrapper\">\n<iframe loading=\"lazy\" title=\"Chimamanda Adichie: El peligro de la Historia \u00danica - espa\u00f1ol\" width=\"1290\" height=\"726\" src=\"https:\/\/www.youtube.com\/embed\/sYItZ3bTosU?feature=oembed\" frameborder=\"0\" allow=\"accelerometer; autoplay; clipboard-write; encrypted-media; gyroscope; picture-in-picture; web-share\" referrerpolicy=\"strict-origin-when-cross-origin\" allowfullscreen><\/iframe>\n<\/div><\/figure>\n\n\n\n<p><a href=\"https:\/\/nube.redcoral.la\/index.php\/s\/CRwNyndDMCpjABn\" target=\"_blank\" rel=\"noreferrer noopener\">Baixe a planilha do m\u00f3dulo 2<\/a><\/p>","protected":false},"excerpt":{"rendered":"<p>Narrativas que construyen mundos Sesi\u00f3n 3 y 4: Objetivos: Contenidos: Ejercicios: Lecturas previas: Invitamos a leer y discutir algunos textos de la Gu\u00eda elaborada por Witness y La Sand\u00eda Digital para profundizar en conceptos c\u00f3mo horizonte com\u00fan, narrativas, mensajes. Lecturas adicionales: Descarga la ficha del m\u00f3dulo 2<\/p>","protected":false},"author":1,"featured_media":0,"parent":0,"menu_order":0,"comment_status":"closed","ping_status":"closed","template":"","meta":{"footnotes":""},"class_list":["post-576","page","type-page","status-publish","hentry"],"blocksy_meta":[],"_links":{"self":[{"href":"https:\/\/redcoral.la\/pt\/wp-json\/wp\/v2\/pages\/576","targetHints":{"allow":["GET"]}}],"collection":[{"href":"https:\/\/redcoral.la\/pt\/wp-json\/wp\/v2\/pages"}],"about":[{"href":"https:\/\/redcoral.la\/pt\/wp-json\/wp\/v2\/types\/page"}],"author":[{"embeddable":true,"href":"https:\/\/redcoral.la\/pt\/wp-json\/wp\/v2\/users\/1"}],"replies":[{"embeddable":true,"href":"https:\/\/redcoral.la\/pt\/wp-json\/wp\/v2\/comments?post=576"}],"version-history":[{"count":22,"href":"https:\/\/redcoral.la\/pt\/wp-json\/wp\/v2\/pages\/576\/revisions"}],"predecessor-version":[{"id":708,"href":"https:\/\/redcoral.la\/pt\/wp-json\/wp\/v2\/pages\/576\/revisions\/708"}],"wp:attachment":[{"href":"https:\/\/redcoral.la\/pt\/wp-json\/wp\/v2\/media?parent=576"}],"curies":[{"name":"wp","href":"https:\/\/api.w.org\/{rel}","templated":true}]}}