{"id":628,"date":"2022-10-20T23:15:01","date_gmt":"2022-10-20T23:15:01","guid":{"rendered":"https:\/\/redcoral.la\/?page_id=628"},"modified":"2022-10-21T01:05:41","modified_gmt":"2022-10-21T01:05:41","slug":"tambor-recursos-para-video-ativistas","status":"publish","type":"page","link":"https:\/\/redcoral.la\/pt\/tambor-recursos-para-video-ativistas\/","title":{"rendered":"TAMBOR: Recursos Para Video Ativistas"},"content":{"rendered":"<p id=\"site-description\">En la plataforma <a href=\"https:\/\/tambor.bombozila.com\/\" data-type=\"URL\" data-id=\"https:\/\/tambor.bombozila.com\/\" target=\"_blank\" rel=\"noreferrer noopener\">Tambor de Bombozila<\/a> encontrar\u00e1s recursos audiovisuales en Portugu\u00e9s y Espa\u00f1ol para aprender sobre el <a rel=\"noreferrer noopener\" href=\"https:\/\/tambor.bombozila.com\/index.php\/2022\/10\/10\/video-na-defesa-de-territorios\/\" data-type=\"URL\" data-id=\"https:\/\/tambor.bombozila.com\/index.php\/2022\/10\/10\/video-na-defesa-de-territorios\/\" target=\"_blank\">uso de video para la defensa de territorios<\/a>, <a rel=\"noreferrer noopener\" href=\"https:\/\/tambor.bombozila.com\/index.php\/2020\/11\/21\/documentario-ou-fake-news-o-falseamento-do-mundo-social\/\" data-type=\"URL\" data-id=\"https:\/\/tambor.bombozila.com\/index.php\/2020\/11\/21\/documentario-ou-fake-news-o-falseamento-do-mundo-social\/\" target=\"_blank\">fake news<\/a>, <a rel=\"noreferrer noopener\" href=\"https:\/\/tambor.bombozila.com\/index.php\/2020\/12\/12\/direito-de-filmar-no-brasil\/\" data-type=\"URL\" data-id=\"https:\/\/tambor.bombozila.com\/index.php\/2020\/12\/12\/direito-de-filmar-no-brasil\/\" target=\"_blank\">derecho a grabar<\/a>, <a rel=\"noreferrer noopener\" href=\"https:\/\/tambor.bombozila.com\/index.php\/2020\/11\/19\/arquivamento-preservacao-de-videos-para-defender-direitos\/\" data-type=\"URL\" data-id=\"https:\/\/tambor.bombozila.com\/index.php\/2020\/11\/19\/arquivamento-preservacao-de-videos-para-defender-direitos\/\" target=\"_blank\">c\u00f3mo archivar videos<\/a>, <a rel=\"noreferrer noopener\" href=\"https:\/\/tambor.bombozila.com\/index.php\/2020\/11\/20\/la-sandia-digital-metodologias-de-cine-comunitario-hecho-por-mujeres\/\" data-type=\"URL\" data-id=\"https:\/\/tambor.bombozila.com\/index.php\/2020\/11\/20\/la-sandia-digital-metodologias-de-cine-comunitario-hecho-por-mujeres\/\" target=\"_blank\">metodolog\u00edas de cine comunitario<\/a>, <a rel=\"noreferrer noopener\" href=\"https:\/\/tambor.bombozila.com\/index.php\/2020\/11\/19\/mujeres-audiovisuales-cobertura-de-marchas-feministas\/\" data-type=\"URL\" data-id=\"https:\/\/tambor.bombozila.com\/index.php\/2020\/11\/19\/mujeres-audiovisuales-cobertura-de-marchas-feministas\/\" target=\"_blank\">cobertura de marchas feministas<\/a>, <a rel=\"noreferrer noopener\" href=\"https:\/\/tambor.bombozila.com\/index.php\/2020\/11\/19\/primera-linea-cubriendo-estallidos-sociales\/\" data-type=\"URL\" data-id=\"https:\/\/tambor.bombozila.com\/index.php\/2020\/11\/19\/primera-linea-cubriendo-estallidos-sociales\/\" target=\"_blank\">cubriendo estallidos sociales<\/a>, y m\u00e1s &#8230; <\/p>\n\n\n\n<figure class=\"wp-block-image size-large\"><a href=\"https:\/\/tambor.bombozila.com\/\" target=\"_blank\" rel=\"noreferrer noopener\"><img loading=\"lazy\" decoding=\"async\" width=\"1024\" height=\"778\" src=\"https:\/\/redcoral.la\/wp-content\/uploads\/2022\/10\/Screen-Shot-2022-10-20-at-18.18.28-1024x778.png\" alt=\"\" class=\"wp-image-632\" srcset=\"https:\/\/redcoral.la\/wp-content\/uploads\/2022\/10\/Screen-Shot-2022-10-20-at-18.18.28-1024x778.png 1024w, https:\/\/redcoral.la\/wp-content\/uploads\/2022\/10\/Screen-Shot-2022-10-20-at-18.18.28-300x228.png 300w, https:\/\/redcoral.la\/wp-content\/uploads\/2022\/10\/Screen-Shot-2022-10-20-at-18.18.28-768x583.png 768w, https:\/\/redcoral.la\/wp-content\/uploads\/2022\/10\/Screen-Shot-2022-10-20-at-18.18.28-16x12.png 16w, https:\/\/redcoral.la\/wp-content\/uploads\/2022\/10\/Screen-Shot-2022-10-20-at-18.18.28.png 1430w\" sizes=\"auto, (max-width: 1024px) 100vw, 1024px\" \/><\/a><\/figure>","protected":false},"excerpt":{"rendered":"<p>En la plataforma Tambor de Bombozila encontrar\u00e1s recursos audiovisuales en Portugu\u00e9s y Espa\u00f1ol para aprender sobre el uso de video para la defensa de territorios, fake news, derecho a grabar, c\u00f3mo archivar videos, metodolog\u00edas de cine comunitario, cobertura de marchas feministas, cubriendo estallidos sociales, y m\u00e1s &#8230;<\/p>","protected":false},"author":1,"featured_media":0,"parent":0,"menu_order":0,"comment_status":"closed","ping_status":"closed","template":"","meta":{"footnotes":""},"class_list":["post-628","page","type-page","status-publish","hentry"],"blocksy_meta":[],"_links":{"self":[{"href":"https:\/\/redcoral.la\/pt\/wp-json\/wp\/v2\/pages\/628","targetHints":{"allow":["GET"]}}],"collection":[{"href":"https:\/\/redcoral.la\/pt\/wp-json\/wp\/v2\/pages"}],"about":[{"href":"https:\/\/redcoral.la\/pt\/wp-json\/wp\/v2\/types\/page"}],"author":[{"embeddable":true,"href":"https:\/\/redcoral.la\/pt\/wp-json\/wp\/v2\/users\/1"}],"replies":[{"embeddable":true,"href":"https:\/\/redcoral.la\/pt\/wp-json\/wp\/v2\/comments?post=628"}],"version-history":[{"count":6,"href":"https:\/\/redcoral.la\/pt\/wp-json\/wp\/v2\/pages\/628\/revisions"}],"predecessor-version":[{"id":637,"href":"https:\/\/redcoral.la\/pt\/wp-json\/wp\/v2\/pages\/628\/revisions\/637"}],"wp:attachment":[{"href":"https:\/\/redcoral.la\/pt\/wp-json\/wp\/v2\/media?parent=628"}],"curies":[{"name":"wp","href":"https:\/\/api.w.org\/{rel}","templated":true}]}}