{"id":766,"date":"2022-11-07T23:32:54","date_gmt":"2022-11-07T23:32:54","guid":{"rendered":"https:\/\/redcoral.la\/?page_id=766"},"modified":"2022-11-07T23:39:37","modified_gmt":"2022-11-07T23:39:37","slug":"palabra-tejida-quienes-somos","status":"publish","type":"page","link":"https:\/\/redcoral.la\/pt\/palabra-tejida-quienes-somos\/","title":{"rendered":"Palabra Tejida: Quem somos?"},"content":{"rendered":"<figure class=\"wp-block-image size-large\"><img loading=\"lazy\" decoding=\"async\" width=\"1024\" height=\"203\" src=\"https:\/\/redcoral.la\/wp-content\/uploads\/2022\/11\/La-palabra-tejida1-1-1024x203.png\" alt=\"\" class=\"wp-image-771\" srcset=\"https:\/\/redcoral.la\/wp-content\/uploads\/2022\/11\/La-palabra-tejida1-1-1024x203.png 1024w, https:\/\/redcoral.la\/wp-content\/uploads\/2022\/11\/La-palabra-tejida1-1-300x59.png 300w, https:\/\/redcoral.la\/wp-content\/uploads\/2022\/11\/La-palabra-tejida1-1-768x152.png 768w, https:\/\/redcoral.la\/wp-content\/uploads\/2022\/11\/La-palabra-tejida1-1-1536x304.png 1536w, https:\/\/redcoral.la\/wp-content\/uploads\/2022\/11\/La-palabra-tejida1-1-18x4.png 18w, https:\/\/redcoral.la\/wp-content\/uploads\/2022\/11\/La-palabra-tejida1-1.png 1920w\" sizes=\"auto, (max-width: 1024px) 100vw, 1024px\" \/><\/figure>\n\n\n\n<p>Todos, todas e todes n\u00f3s, presentes em <strong>CORAL<\/strong> habitamos os territ\u00f3rios de <strong>Argentina, Colombia, Chile, Brasil, M\u00e9xico, El Salvador, Bolivia, Ecuador, Honduras, Per\u00fa, Costa Rica.<\/strong><\/p>\n\n\n\n<p>Somos como as \u00e1rvores e plantas de nossos territ\u00f3rios: o jacarand\u00e1, o sabugueiro, a planta do tabaco. Somos foye, ceibo, alfarroba, litre, lapacho, ameixeira, milho, capul\u00ed, array\u00e1n, am\u00eandoa amarela, chiquiragua, mait\u00e9n e frailej\u00f3n.<\/p>\n\n\n\n<p>Somos a primeira coisa que vemos quando abrimos a janela.\nSomos medicina. Como a planta do tabaco, \u00e0s vezes somos estigmatizados e n\u00e3o nos \u00e9 dada a import\u00e2ncia que temos no cuidado com a M\u00e3e Terra. Queremos aprender e adquirir ferramentas de luta. Somos majestosos, temos espinhos, nossas folhas e frutos curam. Crescemos com resili\u00eancia. Representamos restaura\u00e7\u00e3o e um novo come\u00e7o. Damos sombra e nos preenchemos de flores. Somos t\u00e3o desafiadores que, mesmo na seca mais terr\u00edvel, damos frutos. N\u00f3s florescemos apesar das adversidades.<\/p>\n\n\n\n<p>Assim como a espiga, temos muitos gr\u00e3os que representam como avan\u00e7amos unidos, juntos e juntos. Somos como a floresta, como o territ\u00f3rio: temos farm\u00e1cia, mercado, a vida. Temos temporalidades, h\u00e1 tempo para sermos mais ativos, h\u00e1 tempos de repouso. Crescemos e n\u00e3o precisamos de muitos cuidados. Somos vitais, damos sombra, somos abrigo para os p\u00e1ssaros e nutrimos os aqu\u00edferos.\nTemos muita energia. Sobrevivemos \u00e0 seca e \u00e0 pilhagem da \u00e1gua. Somos antiqu\u00edssimos, fazemos parte da mem\u00f3ria dos nossos povos, da nossa cultura.<\/p>\n\n\n\n<p>Somos como as esp\u00e9cies end\u00eamicas de nossos territ\u00f3rios. Somos aroeira, buti\u00e1, taioba, arauc\u00e1ria, butiazeiro ou espada de S\u00e3o Jorge, torote, osca e tjtyqy. Nos importamos com proporcionar algum benef\u00edcio ao territ\u00f3rio e a quem nele habita: dar sombra, cultivar folhas e caules para fornecer alimento, oferecer utens\u00edlios. <\/p>\n\n\n\n<p>Fazemos parte das pr\u00e1ticas sagradas e dos rituais de cura. N\u00f3s temperamos a comida, somos as cores que tingem nossos tecidos, curamos a pele, constru\u00edmos as redes de pesca. Tamb\u00e9m somos combust\u00edvel. Enfrentamos v\u00e1rias lutas e renascemos no territ\u00f3rio mesmo que nos incendeiem. <\/p>\n\n\n\n<p>Brotamos por toda a comunidade, resistentes.<\/p>","protected":false},"excerpt":{"rendered":"<p>Nosotras y nosotros presentes en CORAL habitamos territorios de Argentina, Colombia, Chile, Brasil, M\u00e9xico, El Salvador, Bolivia, Ecuador, Honduras, Per\u00fa, Costa Rica. Somos c\u00f3mo los \u00e1rboles y plantas de nuestros territorios: la jacaranda, el sauco, la planta de tabaco. Somos foye, ceiba, algarrobo, litre, lapacho, ciruelo, ma\u00edz, capul\u00ed, array\u00e1n, almendro amarillo, chiquiragua, mait\u00e9n y frailej\u00f3n. [&hellip;]<\/p>","protected":false},"author":1,"featured_media":0,"parent":0,"menu_order":0,"comment_status":"closed","ping_status":"closed","template":"","meta":{"footnotes":""},"class_list":["post-766","page","type-page","status-publish","hentry"],"blocksy_meta":[],"_links":{"self":[{"href":"https:\/\/redcoral.la\/pt\/wp-json\/wp\/v2\/pages\/766","targetHints":{"allow":["GET"]}}],"collection":[{"href":"https:\/\/redcoral.la\/pt\/wp-json\/wp\/v2\/pages"}],"about":[{"href":"https:\/\/redcoral.la\/pt\/wp-json\/wp\/v2\/types\/page"}],"author":[{"embeddable":true,"href":"https:\/\/redcoral.la\/pt\/wp-json\/wp\/v2\/users\/1"}],"replies":[{"embeddable":true,"href":"https:\/\/redcoral.la\/pt\/wp-json\/wp\/v2\/comments?post=766"}],"version-history":[{"count":4,"href":"https:\/\/redcoral.la\/pt\/wp-json\/wp\/v2\/pages\/766\/revisions"}],"predecessor-version":[{"id":774,"href":"https:\/\/redcoral.la\/pt\/wp-json\/wp\/v2\/pages\/766\/revisions\/774"}],"wp:attachment":[{"href":"https:\/\/redcoral.la\/pt\/wp-json\/wp\/v2\/media?parent=766"}],"curies":[{"name":"wp","href":"https:\/\/api.w.org\/{rel}","templated":true}]}}