{"id":791,"date":"2022-11-11T21:20:02","date_gmt":"2022-11-11T21:20:02","guid":{"rendered":"https:\/\/redcoral.la\/?page_id=791"},"modified":"2022-11-11T21:26:32","modified_gmt":"2022-11-11T21:26:32","slug":"practicas-narrativas-para-hablar-de-nuestros-territorios","status":"publish","type":"page","link":"https:\/\/redcoral.la\/pt\/practicas-narrativas-para-hablar-de-nuestros-territorios\/","title":{"rendered":"Pr\u00e1ticas narrativas"},"content":{"rendered":"<p class=\"has-normal-font-size\">Pr\u00e1ticas narrativas para falar sobre nossos territ\u00f3rios<\/p>\n\n\n\n<figure class=\"wp-block-image alignright size-large is-resized\"><img loading=\"lazy\" decoding=\"async\" src=\"https:\/\/redcoral.la\/wp-content\/uploads\/2022\/06\/Coralillo-edited-788x1024.png\" alt=\"\" class=\"wp-image-280\" width=\"246\" height=\"319\" srcset=\"https:\/\/redcoral.la\/wp-content\/uploads\/2022\/06\/Coralillo-edited-788x1024.png 788w, https:\/\/redcoral.la\/wp-content\/uploads\/2022\/06\/Coralillo-edited-231x300.png 231w, https:\/\/redcoral.la\/wp-content\/uploads\/2022\/06\/Coralillo-edited-768x998.png 768w, https:\/\/redcoral.la\/wp-content\/uploads\/2022\/06\/Coralillo-edited-1182x1536.png 1182w, https:\/\/redcoral.la\/wp-content\/uploads\/2022\/06\/Coralillo-edited-1575x2048.png 1575w, https:\/\/redcoral.la\/wp-content\/uploads\/2022\/06\/Coralillo-edited-9x12.png 9w\" sizes=\"auto, (max-width: 246px) 100vw, 246px\" \/><\/figure>\n\n\n\n<p><strong>Em tempos de extrativismo, desapropria\u00e7\u00e3o e devasta\u00e7\u00e3o,<\/strong> narrar nossas lutas de defesa territorial de formas preferenciais, torna-se fundamental n\u00e3o apenas para resistir, sen\u00e3o tamb\u00e9m para continuar existindo.<\/p>\n\n\n\n<p><strong>Nos territ\u00f3rios pelos quais lutamos, <\/strong>sabemos da import\u00e2ncia das hist\u00f3rias. Sempre soubemos. Reconhecemos o valor da palavra, da conversa, do que se relata nas cozinhas das casas, aquilo que que os av\u00f3s nos contavam, o que as av\u00f3s nos contam. Ainda estamos aqui, gra\u00e7as \u00e0s hist\u00f3rias que nos sustentam.<\/p>\n\n\n\n<p><strong>A partir das pr\u00e1ticas narrativas, reconhecemos esse valor ancestral dos relatos.<\/strong> Acreditamos que a forma como uma pessoa, grupo, comunidade, territ\u00f3rio conta sua hist\u00f3ria surte efeito na sua capacidade de habit\u00e1-lo. A forma como contamos nossa hist\u00f3ria contribui para cultivar as vidas que precisamos e queremos criar.<\/p>\n\n\n\n<p><strong>As hist\u00f3rias importam. <\/strong>No entanto, nem todas as hist\u00f3rias t\u00eam o mesmo espa\u00e7o de exist\u00eancia. H\u00e1 hist\u00f3rias que s\u00e3o narradas a partir do Poder e t\u00eam muito espa\u00e7o: Desenvolvimento diz que sabe o que teria que acontecer em nossos territ\u00f3rios para \u201cprogredir\u201d. Sabemos que n\u00e3o \u00e9 disso que precisamos.<\/p>\n\n\n\n<p><strong>As pr\u00e1ticas narrativas procuram que A GENTE se narre como pessoas, <\/strong>grupos e comunidades em luta, organiza\u00e7\u00e3o e resist\u00eancia, a partir de n\u00f3s mesmos, realizadores dessas lutas. Assim, em conversas entre pessoas defensoras do territ\u00f3rio nos perguntamos:<\/p>\n\n\n\n<p>De que territ\u00f3rio viemos?<\/p>\n\n\n\n<p>Por que nosso territ\u00f3rio \u00e9 importante?<\/p>\n\n\n\n<p>Que inten\u00e7\u00f5es, sonhos, desejos e esperan\u00e7as temos para o nosso territ\u00f3rio?<\/p>\n\n\n\n<p>Que sonhos nosso territ\u00f3rio tem para o nosso futuro?<\/p>\n\n\n\n<p>Que sementinhas temos plantado nesta luta?<\/p>\n\n\n\n<figure class=\"wp-block-image alignleft size-large is-resized\"><a href=\"https:\/\/nube.redcoral.la\/index.php\/s\/wi25KiaLYjJD2wx\" target=\"_blank\" rel=\"noreferrer noopener\"><img loading=\"lazy\" decoding=\"async\" src=\"https:\/\/redcoral.la\/wp-content\/uploads\/2022\/11\/Screen-Shot-2022-11-11-at-15.20.46-717x1024.png\" alt=\"\" class=\"wp-image-793\" width=\"201\" height=\"287\" srcset=\"https:\/\/redcoral.la\/wp-content\/uploads\/2022\/11\/Screen-Shot-2022-11-11-at-15.20.46-717x1024.png 717w, https:\/\/redcoral.la\/wp-content\/uploads\/2022\/11\/Screen-Shot-2022-11-11-at-15.20.46-210x300.png 210w, https:\/\/redcoral.la\/wp-content\/uploads\/2022\/11\/Screen-Shot-2022-11-11-at-15.20.46-768x1096.png 768w, https:\/\/redcoral.la\/wp-content\/uploads\/2022\/11\/Screen-Shot-2022-11-11-at-15.20.46-8x12.png 8w, https:\/\/redcoral.la\/wp-content\/uploads\/2022\/11\/Screen-Shot-2022-11-11-at-15.20.46.png 964w\" sizes=\"auto, (max-width: 201px) 100vw, 201px\" \/><\/a><\/figure>\n\n\n\n<p>O que temos colhido nesta luta?<\/p>\n\n\n\n<p>Se nosso territ\u00f3rio nos aconselhasse nessa luta, o que ele nos diria?<\/p>\n\n\n\n<p>Sendo assim, recuperamos o poder de narrar a n\u00f3s mesmos de jeitos que nos fortalecem. Desta forma, as conversas semeadas pelas pr\u00e1ticas narrativas querem florescer em lutas que continuam a nos sustentar e nos permitem re(x)istir.<\/p>\n\n\n\n<p><em>Este texto, assim como as conversas que deram forma \u00e0 campanha de La Sand\u00eda Digital (Melancia Digital) <\/em><a rel=\"noreferrer noopener\" href=\"https:\/\/juntaslogramosmas.lasandiadigital.org.mx\/\" target=\"_blank\">Juntas Conseguimos Mais<\/a><em>e os exerc\u00edcios desta se\u00e7\u00e3o foram elaborados por <\/em><a rel=\"noreferrer noopener\" href=\"https:\/\/www.colectivo.org.mx\/docentes\/andrea-ortega\" target=\"_blank\">Andrea Ortega<\/a><strong><em> del <\/em><\/strong><a rel=\"noreferrer noopener\" href=\"https:\/\/www.colectivo.org.mx\/\" target=\"_blank\">Colectivo de Pr\u00e1cticas Narrativas<\/a><em>Os exerc\u00edcios foram criados para grupos de mulheres, mas podem ser adaptados para grupos mistos.<\/em><\/p>\n\n\n\n<p><strong><a href=\"https:\/\/nube.redcoral.la\/index.php\/s\/wi25KiaLYjJD2wx\" data-type=\"URL\" data-id=\"https:\/\/nube.redcoral.la\/index.php\/s\/NfzrNngfzX2PgPM\" target=\"_blank\" rel=\"noreferrer noopener\">Descarga aqu\u00ed la serie de ejercicios &gt;&gt;&gt;<\/a><\/strong><\/p>","protected":false},"excerpt":{"rendered":"<p>Pr\u00e1cticas Narrativas para hablar de nuestros territorios En tiempos de extractivismo, despojo y devastaci\u00f3n, narrar nuestras luchas de defensa territorial de maneras preferidas, se vuelve fundamental no solo para resistir, sino para seguir existiendo. En los territorios por los cuales luchamos, sabemos de la importancia de los relatos. Siempre lo hemos sabido. Reconocemos el valor [&hellip;]<\/p>","protected":false},"author":1,"featured_media":0,"parent":0,"menu_order":0,"comment_status":"closed","ping_status":"closed","template":"","meta":{"footnotes":""},"class_list":["post-791","page","type-page","status-publish","hentry"],"blocksy_meta":[],"_links":{"self":[{"href":"https:\/\/redcoral.la\/pt\/wp-json\/wp\/v2\/pages\/791","targetHints":{"allow":["GET"]}}],"collection":[{"href":"https:\/\/redcoral.la\/pt\/wp-json\/wp\/v2\/pages"}],"about":[{"href":"https:\/\/redcoral.la\/pt\/wp-json\/wp\/v2\/types\/page"}],"author":[{"embeddable":true,"href":"https:\/\/redcoral.la\/pt\/wp-json\/wp\/v2\/users\/1"}],"replies":[{"embeddable":true,"href":"https:\/\/redcoral.la\/pt\/wp-json\/wp\/v2\/comments?post=791"}],"version-history":[{"count":4,"href":"https:\/\/redcoral.la\/pt\/wp-json\/wp\/v2\/pages\/791\/revisions"}],"predecessor-version":[{"id":799,"href":"https:\/\/redcoral.la\/pt\/wp-json\/wp\/v2\/pages\/791\/revisions\/799"}],"wp:attachment":[{"href":"https:\/\/redcoral.la\/pt\/wp-json\/wp\/v2\/media?parent=791"}],"curies":[{"name":"wp","href":"https:\/\/api.w.org\/{rel}","templated":true}]}}